{"id":92,"date":"2024-05-24T14:35:29","date_gmt":"2024-05-24T14:35:29","guid":{"rendered":"https:\/\/www.hercurion.de\/?page_id=92"},"modified":"2025-04-10T13:27:54","modified_gmt":"2025-04-10T12:27:54","slug":"nachhaltigkeitsmanagement-esrs-csrd-gri-dnk","status":"publish","type":"page","link":"https:\/\/www.hercurion.de\/?page_id=92","title":{"rendered":"Risiko- und Nachhaltigkeitsmanagement"},"content":{"rendered":"\n<p style=\"font-size:22px\"><strong>Risiko- und Nachhaltigkeitsmanagement ist eine riesige Ansammlung von Chancen f\u00fcr Ihr Unternehmen &#8211; Ich helfe beim Nutzen dieser M\u00f6glichkeiten!<\/strong><\/p>\n\n\n\n<p><em>&#8222;Werte schaffen und bewahren!&#8220;<\/em><\/p>\n\n\n\n<p>Risikomanagement ist zentrale Aufgabe von Unternehmen um langfristig erfolgreich zu sein. Aktuelle und zuk\u00fcnftige Herausforderungen f\u00fcr Unternehmen erfordern neue Ans\u00e4tze in der Unternehmensf\u00fchrung. Die Integration von nachhaltigen Unternehmenszielen sorgt daf\u00fcr, dass Unternehmen langfristig sicher aufgestellt sind um auch zuk\u00fcnftig erfolgreich zu sein oder zu werden. Neben Umweltaspekten spielen auch soziale Themen eine zentrale Rolle bei dieser \u00dcberlegung. Corporate Social Responsibility \/ Unternehmerische Gesellschaftsverantwortung sowie ESG (ecological, social, governance)-Inhalte werden f\u00fcr immer mehr Bereiche einen gro\u00dfen Raum einnehmen. Hier gilt es sich optimal daf\u00fcr aufzustellen, denn <em><strong>Risiko- und Nachhaltigkeitsmanagement sind kein Selbstzweck<\/strong><\/em> sondern vielmehr ein <em><strong>Leitfaden zur zielf\u00fchrenden zukunftsorientierten Entwicklung f\u00fcr Unternehmen<\/strong><\/em> jeder Gr\u00f6\u00dfe. Lassen Sie uns die Chancen nutzen.<br><\/p>\n\n\n\n<blockquote class=\"wp-block-quote is-layout-flow wp-block-quote-is-layout-flow\">\n<p>Nachhaltigkeit bedeutet Wohlstand f\u00fcr alle \u2013 weder auf Kosten anderer L\u00e4nder, anderer<br>Menschen und k\u00fcnftiger Generationen noch zulasten der nat\u00fcrlichen Umwelt. Kurz:<br>heute nicht auf Kosten von morgen, hier nicht auf Kosten von anderswo. Nachhaltig<br>wirtschaften hei\u00dft demnach in die Zukunft blicken und dabei soziale, \u00f6kologische und<br>\u00f6konomische Ziele austarieren.<\/p>\n<cite>Rat f\u00fcr Nachhaltige Entwicklung (RNE)<\/cite><\/blockquote>\n\n\n\n<p style=\"text-decoration:underline\"><br><strong>Leistungen<\/strong><\/p>\n\n\n\n<p><\/p>\n\n\n\n<ul class=\"wp-block-list\">\n<li><strong>Kombiniertes Risiko- und Nachhaltigkeitsmanagement mit dem<\/strong> <strong>Ziel<\/strong><br><strong>&#8222;Werte schaffen und bewahren&#8220;<\/strong>\n<ul class=\"wp-block-list\">\n<li>Schulungen zu Grundlagen und Zusammenh\u00e4ngen<\/li>\n\n\n\n<li>Analysen, Kennzahlenermittlung, Prozessgestaltung, Einbindung in den Unternehmensalltag<\/li>\n\n\n\n<li>Strategieentwicklung<\/li>\n\n\n\n<li>Erh\u00f6hung von Zukunftsf\u00e4higkeit und Resilienz<\/li>\n\n\n\n<li>Risikobeurteilung, -steuerung, -\u00fcberwachung und -berichterstattung<\/li>\n<\/ul>\n<\/li>\n\n\n\n<li><strong>Fokus kleine und mittelgro\u00dfe Unternehmen (KMU)<\/strong>\n<ul class=\"wp-block-list\">\n<li>Schulungen, Seminare, Vortr\u00e4ge, Workshops\n<ul class=\"wp-block-list\">\n<li>Einf\u00fchrung Nachhaltigkeit \/ Berichterstattung \/ ESRS \/ VSME \/ GHG Protocol kompakt &#8211; kurz und b\u00fcndig<\/li>\n\n\n\n<li>Bedeutung und Zusammenhang von Risiko und Nachhaltigkeit<\/li>\n\n\n\n<li>Grundlagen und Hintergr\u00fcnde von Berichten und Berichtspflichten &#8211; Was? Warum? Wie?<\/li>\n\n\n\n<li>Vertiefung zu Einzelthemen<\/li>\n<\/ul>\n<\/li>\n<\/ul>\n<\/li>\n\n\n\n<li><strong>Analysen und Potenzialermittlung \/ Praktische Nachhaltigkeit \/ Risikoidentifikation und -bewertung<\/strong>\n<ul class=\"wp-block-list\">\n<li>Verbrauchs- und Kostenanalysen von Strom, Wasser, Gas, anderen Energietr\u00e4gern<\/li>\n\n\n\n<li>Ermittlung von Einsparpotenzialen<\/li>\n\n\n\n<li>Ermittlung und Berechnung des CO\u00b2-Fu\u00dfabdruckes von Unternehmen und Produkten<\/li>\n\n\n\n<li>Ableitung und Umsetzung von Sofortma\u00dfnahmen<\/li>\n\n\n\n<li>Erarbeitung strategischer Positionen<\/li>\n\n\n\n<li>Betrachtung der Wettbewerbsposition<\/li>\n\n\n\n<li>Beurteilung von finanziellen, politischen, technischen Risiken, Umwelt- und Nachhaltigkeitsrisiken, Risiken der Lieferkette<\/li>\n<\/ul>\n<\/li>\n\n\n\n<li><strong>Berichterstattung (ESRS \/ VSME, GRI, GHG Protocol, DNK, ISO)<\/strong>\n<ul class=\"wp-block-list\">\n<li>Rahmenwerke und Anforderungen<\/li>\n\n\n\n<li>Ermittlung relevanter Kennzahlen<\/li>\n\n\n\n<li>Unterst\u00fctzung Doppelte Wesentlichkeit<\/li>\n\n\n\n<li>Kommunikation und Stakeholdermanagement<\/li>\n\n\n\n<li>CO\u00b2-Bilanzierung \/ Treibhausgase \/ Company Carbon Footprint \/ Product Carbon Footprint<\/li>\n\n\n\n<li>Risikoberichterstattung<\/li>\n<\/ul>\n<\/li>\n\n\n\n<li><strong>Nachhaltigkeitsmanagement<\/strong>\n<ul class=\"wp-block-list\">\n<li>Aufbau und Integration eines unternehmensspezifischen Nachhaltigkeitsmanagementsystems<\/li>\n\n\n\n<li>Prozess- und Projektbegleitung<\/li>\n\n\n\n<li>Change Management<\/li>\n<\/ul>\n<\/li>\n\n\n\n<li><strong>Schulungen, Seminare, Vortr\u00e4ge, Workshops<\/strong>\n<ul class=\"wp-block-list\">\n<li>Sensibilisierung von Mitarbeitern und F\u00fchrungskr\u00e4ften<\/li>\n\n\n\n<li>Grundlagenwissen Nachhaltigkeit<\/li>\n\n\n\n<li>Bedeutung von Nachhaltigkeit f\u00fcr den Unternehmenserfolg<\/li>\n\n\n\n<li>Berichtsstandards, insbesondere in Deutschland und der EU<\/li>\n\n\n\n<li>Aktuelle Gesetzgebung in Deutschland und der EU<\/li>\n\n\n\n<li>Weitere Themen nach Absprache<\/li>\n<\/ul>\n<\/li>\n\n\n\n<li>Ber\u00fccksichtigung von DIN ISO 26000 (CSR) und DIN ISO 31000 (Risiko)<\/li>\n\n\n\n<li>Beratung zu Umweltmanagementthemen<br><\/li>\n<\/ul>\n\n\n\n<p style=\"text-decoration:underline\"><strong>Qualifikation<\/strong><\/p>\n\n\n\n<ul class=\"wp-block-list\">\n<li>GRI Certified Sustainability Professional<\/li>\n\n\n\n<li>Nachhaltigkeitsmanager (T\u00dcV)<\/li>\n\n\n\n<li>Sustainability Analyst Fundamentals (Arizona State University)<\/li>\n\n\n\n<li>Projektleiter (IHK)<\/li>\n\n\n\n<li>Risikomanager (T\u00dcV)<\/li>\n\n\n\n<li>Umweltmanagement-Beauftrager (T\u00dcV)<br><\/li>\n<\/ul>\n\n\n\n<p style=\"text-decoration:underline\"><strong>Kontakt<\/strong><\/p>\n\n\n\n<div class=\"wp-block-buttons is-layout-flex wp-block-buttons-is-layout-flex\">\n<div class=\"wp-block-button is-style-outline is-style-outline--1\"><a class=\"wp-block-button__link has-white-color has-pale-cyan-blue-background-color has-text-color has-background has-link-color wp-element-button\" href=\"https:\/\/calendly.com\/malte-lindner-hercurion\/30min\/\" style=\"border-radius:10px\">Termin vereinbaren \u2197<\/a><\/div>\n<\/div>\n\n\n\n<p>oder E-Mail schreiben:<\/p>\n\n\n\n<figure class=\"wp-block-image size-full is-resized\"><a href=\"mailto:post@hercurion.de?subject=Interesse an Nachhaltigkeitsmanagement\"><img loading=\"lazy\" decoding=\"async\" width=\"157\" height=\"25\" src=\"https:\/\/www.hercurion.de\/wp-content\/uploads\/2024\/06\/grafik.png\" alt=\"\" class=\"wp-image-209\" style=\"width:151px;height:auto\" srcset=\"https:\/\/www.hercurion.de\/wp-content\/uploads\/2024\/06\/grafik.png 157w, https:\/\/www.hercurion.de\/wp-content\/uploads\/2024\/06\/grafik-150x25.png 150w\" sizes=\"auto, (max-width: 157px) 100vw, 157px\" \/><\/a><\/figure>\n\n\n\n<p class=\"has-small-font-size\">(Klick \u00f6ffnet Mailclient)<\/p>\n\n\n\n<p><\/p>\n\n\n\n<p><\/p>\n\n\n\n<p>Mitglied im VNU Verband f\u00fcr Nachhaltigkeits- und Umweltmanagement<\/p>\n\n\n<div class=\"wp-block-image\">\n<figure class=\"alignleft size-full\"><a href=\"https:\/\/www.vnu-ev.de\/\" target=\"_blank\" rel=\"noreferrer noopener\"><img loading=\"lazy\" decoding=\"async\" width=\"371\" height=\"74\" src=\"https:\/\/www.hercurion.de\/wp-content\/uploads\/2024\/06\/vnu-logo.png\" alt=\"\" class=\"wp-image-188\" srcset=\"https:\/\/www.hercurion.de\/wp-content\/uploads\/2024\/06\/vnu-logo.png 371w, https:\/\/www.hercurion.de\/wp-content\/uploads\/2024\/06\/vnu-logo-300x60.png 300w\" sizes=\"auto, (max-width: 371px) 100vw, 371px\" \/><\/a><figcaption class=\"wp-element-caption\">(Klick \u00f6ffnet externen Link in neuem Fenster)<\/figcaption><\/figure>\n<\/div>\n\n\n<p><\/p>\n\n\n\n<ul class=\"wp-block-list\">\n<li><\/li>\n<\/ul>\n","protected":false},"excerpt":{"rendered":"<p>Risiko- und Nachhaltigkeitsmanagement ist eine riesige Ansammlung von Chancen f\u00fcr Ihr Unternehmen &#8211; Ich helfe beim Nutzen dieser M\u00f6glichkeiten! &#8222;Werte schaffen und bewahren!&#8220; Risikomanagement ist zentrale Aufgabe von Unternehmen um langfristig erfolgreich zu sein. Aktuelle und zuk\u00fcnftige Herausforderungen f\u00fcr Unternehmen erfordern neue Ans\u00e4tze in der Unternehmensf\u00fchrung. Die Integration von nachhaltigen Unternehmenszielen sorgt daf\u00fcr, dass Unternehmen [&hellip;]<\/p>\n","protected":false},"author":1,"featured_media":0,"parent":0,"menu_order":0,"comment_status":"closed","ping_status":"closed","template":"","meta":{"footnotes":""},"class_list":["post-92","page","type-page","status-publish","hentry"],"yoast_head":"<!-- This site is optimized with the Yoast SEO plugin v27.5 - https:\/\/yoast.com\/product\/yoast-seo-wordpress\/ -->\n<title>HERCURION - Risiko- und Nachhaltigkeitsmanagement ESRS - CSRD - GRI - DNK<\/title>\n<meta name=\"description\" content=\"Aktuelle und zuk\u00fcnftige Herausforderungen f\u00fcr Unternehmen erfordern neue Ans\u00e4tze in der Unternehmensf\u00fchrung. Wir unterst\u00fctzen Sie dabei!\" \/>\n<meta name=\"robots\" content=\"index, follow, max-snippet:-1, max-image-preview:large, max-video-preview:-1\" \/>\n<link rel=\"canonical\" href=\"https:\/\/www.hercurion.de\/?page_id=92\" \/>\n<meta property=\"og:locale\" content=\"de_DE\" \/>\n<meta property=\"og:type\" content=\"article\" \/>\n<meta property=\"og:title\" content=\"HERCURION - Risiko- und Nachhaltigkeitsmanagement ESRS - CSRD - GRI - DNK\" \/>\n<meta property=\"og:description\" content=\"Aktuelle und zuk\u00fcnftige Herausforderungen f\u00fcr Unternehmen erfordern neue Ans\u00e4tze in der Unternehmensf\u00fchrung. Wir unterst\u00fctzen Sie dabei!\" \/>\n<meta property=\"og:url\" content=\"https:\/\/www.hercurion.de\/?page_id=92\" \/>\n<meta property=\"og:site_name\" content=\"HERCURION\" \/>\n<meta property=\"article:modified_time\" content=\"2025-04-10T12:27:54+00:00\" \/>\n<meta property=\"og:image\" content=\"https:\/\/www.hercurion.de\/wp-content\/uploads\/2024\/06\/grafik.png\" \/>\n\t<meta property=\"og:image:width\" content=\"157\" \/>\n\t<meta property=\"og:image:height\" content=\"25\" \/>\n\t<meta property=\"og:image:type\" content=\"image\/png\" \/>\n<meta name=\"twitter:card\" content=\"summary_large_image\" \/>\n<meta name=\"twitter:label1\" content=\"Gesch\u00e4tzte Lesezeit\" \/>\n\t<meta name=\"twitter:data1\" content=\"3\u00a0Minuten\" \/>\n<script type=\"application\/ld+json\" class=\"yoast-schema-graph\">{\"@context\":\"https:\\\/\\\/schema.org\",\"@graph\":[{\"@type\":\"WebPage\",\"@id\":\"https:\\\/\\\/www.hercurion.de\\\/?page_id=92\",\"url\":\"https:\\\/\\\/www.hercurion.de\\\/?page_id=92\",\"name\":\"HERCURION - Risiko- und Nachhaltigkeitsmanagement ESRS - CSRD - GRI - DNK\",\"isPartOf\":{\"@id\":\"https:\\\/\\\/www.hercurion.de\\\/#website\"},\"primaryImageOfPage\":{\"@id\":\"https:\\\/\\\/www.hercurion.de\\\/?page_id=92#primaryimage\"},\"image\":{\"@id\":\"https:\\\/\\\/www.hercurion.de\\\/?page_id=92#primaryimage\"},\"thumbnailUrl\":\"https:\\\/\\\/www.hercurion.de\\\/wp-content\\\/uploads\\\/2024\\\/06\\\/grafik.png\",\"datePublished\":\"2024-05-24T14:35:29+00:00\",\"dateModified\":\"2025-04-10T12:27:54+00:00\",\"description\":\"Aktuelle und zuk\u00fcnftige Herausforderungen f\u00fcr Unternehmen erfordern neue Ans\u00e4tze in der Unternehmensf\u00fchrung. Wir unterst\u00fctzen Sie dabei!\",\"breadcrumb\":{\"@id\":\"https:\\\/\\\/www.hercurion.de\\\/?page_id=92#breadcrumb\"},\"inLanguage\":\"de\",\"potentialAction\":[{\"@type\":\"ReadAction\",\"target\":[\"https:\\\/\\\/www.hercurion.de\\\/?page_id=92\"]}]},{\"@type\":\"ImageObject\",\"inLanguage\":\"de\",\"@id\":\"https:\\\/\\\/www.hercurion.de\\\/?page_id=92#primaryimage\",\"url\":\"https:\\\/\\\/www.hercurion.de\\\/wp-content\\\/uploads\\\/2024\\\/06\\\/grafik.png\",\"contentUrl\":\"https:\\\/\\\/www.hercurion.de\\\/wp-content\\\/uploads\\\/2024\\\/06\\\/grafik.png\",\"width\":157,\"height\":25},{\"@type\":\"BreadcrumbList\",\"@id\":\"https:\\\/\\\/www.hercurion.de\\\/?page_id=92#breadcrumb\",\"itemListElement\":[{\"@type\":\"ListItem\",\"position\":1,\"name\":\"Startseite\",\"item\":\"https:\\\/\\\/www.hercurion.de\\\/\"},{\"@type\":\"ListItem\",\"position\":2,\"name\":\"Risiko- und Nachhaltigkeitsmanagement\"}]},{\"@type\":\"WebSite\",\"@id\":\"https:\\\/\\\/www.hercurion.de\\\/#website\",\"url\":\"https:\\\/\\\/www.hercurion.de\\\/\",\"name\":\"HERCURION\",\"description\":\"Zukunftsmanagement\",\"publisher\":{\"@id\":\"https:\\\/\\\/www.hercurion.de\\\/#organization\"},\"potentialAction\":[{\"@type\":\"SearchAction\",\"target\":{\"@type\":\"EntryPoint\",\"urlTemplate\":\"https:\\\/\\\/www.hercurion.de\\\/?s={search_term_string}\"},\"query-input\":{\"@type\":\"PropertyValueSpecification\",\"valueRequired\":true,\"valueName\":\"search_term_string\"}}],\"inLanguage\":\"de\"},{\"@type\":\"Organization\",\"@id\":\"https:\\\/\\\/www.hercurion.de\\\/#organization\",\"name\":\"HERCURION\",\"url\":\"https:\\\/\\\/www.hercurion.de\\\/\",\"logo\":{\"@type\":\"ImageObject\",\"inLanguage\":\"de\",\"@id\":\"https:\\\/\\\/www.hercurion.de\\\/#\\\/schema\\\/logo\\\/image\\\/\",\"url\":\"https:\\\/\\\/www.hercurion.de\\\/wp-content\\\/uploads\\\/2024\\\/05\\\/logo_hercurion1.png\",\"contentUrl\":\"https:\\\/\\\/www.hercurion.de\\\/wp-content\\\/uploads\\\/2024\\\/05\\\/logo_hercurion1.png\",\"width\":552,\"height\":76,\"caption\":\"HERCURION\"},\"image\":{\"@id\":\"https:\\\/\\\/www.hercurion.de\\\/#\\\/schema\\\/logo\\\/image\\\/\"}}]}<\/script>\n<!-- \/ Yoast SEO plugin. -->","yoast_head_json":{"title":"HERCURION - Risiko- und Nachhaltigkeitsmanagement ESRS - CSRD - GRI - DNK","description":"Aktuelle und zuk\u00fcnftige Herausforderungen f\u00fcr Unternehmen erfordern neue Ans\u00e4tze in der Unternehmensf\u00fchrung. Wir unterst\u00fctzen Sie dabei!","robots":{"index":"index","follow":"follow","max-snippet":"max-snippet:-1","max-image-preview":"max-image-preview:large","max-video-preview":"max-video-preview:-1"},"canonical":"https:\/\/www.hercurion.de\/?page_id=92","og_locale":"de_DE","og_type":"article","og_title":"HERCURION - Risiko- und Nachhaltigkeitsmanagement ESRS - CSRD - GRI - DNK","og_description":"Aktuelle und zuk\u00fcnftige Herausforderungen f\u00fcr Unternehmen erfordern neue Ans\u00e4tze in der Unternehmensf\u00fchrung. Wir unterst\u00fctzen Sie dabei!","og_url":"https:\/\/www.hercurion.de\/?page_id=92","og_site_name":"HERCURION","article_modified_time":"2025-04-10T12:27:54+00:00","og_image":[{"width":157,"height":25,"url":"https:\/\/www.hercurion.de\/wp-content\/uploads\/2024\/06\/grafik.png","type":"image\/png"}],"twitter_card":"summary_large_image","twitter_misc":{"Gesch\u00e4tzte Lesezeit":"3\u00a0Minuten"},"schema":{"@context":"https:\/\/schema.org","@graph":[{"@type":"WebPage","@id":"https:\/\/www.hercurion.de\/?page_id=92","url":"https:\/\/www.hercurion.de\/?page_id=92","name":"HERCURION - Risiko- und Nachhaltigkeitsmanagement ESRS - CSRD - GRI - DNK","isPartOf":{"@id":"https:\/\/www.hercurion.de\/#website"},"primaryImageOfPage":{"@id":"https:\/\/www.hercurion.de\/?page_id=92#primaryimage"},"image":{"@id":"https:\/\/www.hercurion.de\/?page_id=92#primaryimage"},"thumbnailUrl":"https:\/\/www.hercurion.de\/wp-content\/uploads\/2024\/06\/grafik.png","datePublished":"2024-05-24T14:35:29+00:00","dateModified":"2025-04-10T12:27:54+00:00","description":"Aktuelle und zuk\u00fcnftige Herausforderungen f\u00fcr Unternehmen erfordern neue Ans\u00e4tze in der Unternehmensf\u00fchrung. Wir unterst\u00fctzen Sie dabei!","breadcrumb":{"@id":"https:\/\/www.hercurion.de\/?page_id=92#breadcrumb"},"inLanguage":"de","potentialAction":[{"@type":"ReadAction","target":["https:\/\/www.hercurion.de\/?page_id=92"]}]},{"@type":"ImageObject","inLanguage":"de","@id":"https:\/\/www.hercurion.de\/?page_id=92#primaryimage","url":"https:\/\/www.hercurion.de\/wp-content\/uploads\/2024\/06\/grafik.png","contentUrl":"https:\/\/www.hercurion.de\/wp-content\/uploads\/2024\/06\/grafik.png","width":157,"height":25},{"@type":"BreadcrumbList","@id":"https:\/\/www.hercurion.de\/?page_id=92#breadcrumb","itemListElement":[{"@type":"ListItem","position":1,"name":"Startseite","item":"https:\/\/www.hercurion.de\/"},{"@type":"ListItem","position":2,"name":"Risiko- und Nachhaltigkeitsmanagement"}]},{"@type":"WebSite","@id":"https:\/\/www.hercurion.de\/#website","url":"https:\/\/www.hercurion.de\/","name":"HERCURION","description":"Zukunftsmanagement","publisher":{"@id":"https:\/\/www.hercurion.de\/#organization"},"potentialAction":[{"@type":"SearchAction","target":{"@type":"EntryPoint","urlTemplate":"https:\/\/www.hercurion.de\/?s={search_term_string}"},"query-input":{"@type":"PropertyValueSpecification","valueRequired":true,"valueName":"search_term_string"}}],"inLanguage":"de"},{"@type":"Organization","@id":"https:\/\/www.hercurion.de\/#organization","name":"HERCURION","url":"https:\/\/www.hercurion.de\/","logo":{"@type":"ImageObject","inLanguage":"de","@id":"https:\/\/www.hercurion.de\/#\/schema\/logo\/image\/","url":"https:\/\/www.hercurion.de\/wp-content\/uploads\/2024\/05\/logo_hercurion1.png","contentUrl":"https:\/\/www.hercurion.de\/wp-content\/uploads\/2024\/05\/logo_hercurion1.png","width":552,"height":76,"caption":"HERCURION"},"image":{"@id":"https:\/\/www.hercurion.de\/#\/schema\/logo\/image\/"}}]}},"_links":{"self":[{"href":"https:\/\/www.hercurion.de\/index.php?rest_route=\/wp\/v2\/pages\/92","targetHints":{"allow":["GET"]}}],"collection":[{"href":"https:\/\/www.hercurion.de\/index.php?rest_route=\/wp\/v2\/pages"}],"about":[{"href":"https:\/\/www.hercurion.de\/index.php?rest_route=\/wp\/v2\/types\/page"}],"author":[{"embeddable":true,"href":"https:\/\/www.hercurion.de\/index.php?rest_route=\/wp\/v2\/users\/1"}],"replies":[{"embeddable":true,"href":"https:\/\/www.hercurion.de\/index.php?rest_route=%2Fwp%2Fv2%2Fcomments&post=92"}],"version-history":[{"count":36,"href":"https:\/\/www.hercurion.de\/index.php?rest_route=\/wp\/v2\/pages\/92\/revisions"}],"predecessor-version":[{"id":428,"href":"https:\/\/www.hercurion.de\/index.php?rest_route=\/wp\/v2\/pages\/92\/revisions\/428"}],"wp:attachment":[{"href":"https:\/\/www.hercurion.de\/index.php?rest_route=%2Fwp%2Fv2%2Fmedia&parent=92"}],"curies":[{"name":"wp","href":"https:\/\/api.w.org\/{rel}","templated":true}]}}