{"id":314,"date":"2025-03-20T15:05:14","date_gmt":"2025-03-20T14:05:14","guid":{"rendered":"https:\/\/www.hercurion.de\/?page_id=314"},"modified":"2025-04-09T10:54:23","modified_gmt":"2025-04-09T09:54:23","slug":"kostensenkung-effizienz","status":"publish","type":"page","link":"https:\/\/www.hercurion.de\/?page_id=314","title":{"rendered":"Kostensenkung f\u00fcr administrative Aufwendungen"},"content":{"rendered":"\n<p style=\"font-size:22px\"><strong>Aufwendungen f\u00fcr Verwaltung, Compliance und b\u00fcrokratische Prozesse sowie Regulierung binden Mittel f\u00fcr Innovation und Produktivit\u00e4t im Kerngesch\u00e4ft &#8211; Durch Daten und KI k\u00f6nnen B\u00fcrokratiekosten um bis zu 90% gesenkt werden. Ich helfe dabei!<\/strong><\/p>\n\n\n\n<p>Kennen Sie das? Statt sich auf das Wesentliche zu konzentrieren, halten Sie der AI Act, NIS2, Lieferantenfrageb\u00f6gen, ESG-Berichtspflichten oder ISO-Normen wie ISO 9001 oder 14001 in Atem? Regulatorische Anforderungen sind wichtig, aber oft ein echter Produktivit\u00e4tskiller. Dabei gibt es smarte L\u00f6sungen, um diese Prozesse effizienter zu gestalten \u2013 und genau dabei kann ich Sie unterst\u00fctzen.<\/p>\n\n\n\n<p><\/p>\n\n\n\n<p><\/p>\n\n\n\n<blockquote class=\"wp-block-quote is-style-default is-layout-flow wp-block-quote-is-layout-flow\">\n<p><em>Auf Basis einer Plattform-L\u00f6sung entfallen Kosten f\u00fcr Hardware, zus\u00e4tzliche Mitarbeiter oder umst\u00e4ndliche Datenerhebungen in vielen F\u00e4llen. Sofort einsetzbare KI-Tools sorgen f\u00fcr schnelle Ergebnisse und echte B\u00fcrokratiekostensenkung. <\/em><\/p>\n<\/blockquote>\n\n\n\n<p><br>Compliance-Prozesse automatisieren, b\u00fcrokratischen Aufwand reduzieren und gleichzeitig die Produktivit\u00e4t steigern \u2013 mit cleveren Tools und Automatisierungen. Regulatorische Anforderungen dank KI-Unterst\u00fctzung l\u00f6sen und B\u00fcrokratiekosten um bis zu 90% senken durch Daten und KI, indem zum Beispiel Produkt-, EHS- und ESG-Regulatorik automatisiert wird &#8211; f\u00fcr eine nachhaltige Wertsch\u00f6pfung. <\/p>\n\n\n\n<p style=\"text-decoration:underline\"><strong>Leistungen<\/strong><\/p>\n\n\n\n<ul class=\"wp-block-list\">\n<li>Stammdaten-Verwaltung\n<ul class=\"wp-block-list\">\n<li>Automatisierte Verwaltung, pr\u00e4zise und aktuell<\/li>\n<\/ul>\n<\/li>\n\n\n\n<li>ESG-Bericht\n<ul class=\"wp-block-list\">\n<li>Automatisierte Berichterstattung, schnell, konform und pr\u00fcfungssicher<\/li>\n<\/ul>\n<\/li>\n\n\n\n<li>ESG-Frageb\u00f6gen\n<ul class=\"wp-block-list\">\n<li>Erfassung und Analyse ohne manuellen Aufwand<\/li>\n<\/ul>\n<\/li>\n\n\n\n<li>AI Act\n<ul class=\"wp-block-list\">\n<li>Umsetzung und Verst\u00e4ndnis regulatorischer Anforderungen<\/li>\n<\/ul>\n<\/li>\n\n\n\n<li>Konformit\u00e4ten\n<ul class=\"wp-block-list\">\n<li>Compliance-\u00dcberpr\u00fcfungen f\u00fcr h\u00f6chste Rechtssicherheit, KI-gest\u00fctzt<\/li>\n<\/ul>\n<\/li>\n\n\n\n<li>Lieferantenaudits\n<ul class=\"wp-block-list\">\n<li>KI-gest\u00fctzte Echtzeit-Pr\u00fcfung\/-Insights<\/li>\n<\/ul>\n<\/li>\n\n\n\n<li>B\u00fcrokratiekosten senken\n<ul class=\"wp-block-list\">\n<li>Plattform zum B\u00fcrokratieabbau im Mittelstand<\/li>\n<\/ul>\n<\/li>\n\n\n\n<li>Das Datengehirn\n<ul class=\"wp-block-list\">\n<li>KI-Betriebssystem f\u00fcr optimale Entscheidungsfindung<\/li>\n<\/ul>\n<\/li>\n\n\n\n<li>Markteinblick erhalten\n<ul class=\"wp-block-list\">\n<li>Plattform zur Analyse von M\u00e4rkten und Wettbewerbern<\/li>\n<\/ul>\n<\/li>\n<\/ul>\n\n\n\n<p style=\"text-decoration:underline\"><strong>Qualifikation<\/strong><\/p>\n\n\n\n<ul class=\"wp-block-list\">\n<li>AI for Business Specialization (Wharton School, University of Pennsylvania)<\/li>\n\n\n\n<li>Dipl.-Volkswirt<\/li>\n\n\n\n<li>Nachhaltigkeitsmanager (T\u00dcV)<\/li>\n\n\n\n<li>Risikomanager (T\u00dcV)<\/li>\n<\/ul>\n\n\n\n<p style=\"text-decoration:underline\"><strong>Kontakt<\/strong><\/p>\n\n\n\n<div class=\"wp-block-buttons is-layout-flex wp-block-buttons-is-layout-flex\">\n<div class=\"wp-block-button is-style-outline is-style-outline--1\"><a class=\"wp-block-button__link has-white-color has-pale-cyan-blue-background-color has-text-color has-background has-link-color wp-element-button\" href=\"https:\/\/calendly.com\/malte-lindner-hercurion\/30min\/\" style=\"border-radius:10px\">Termin vereinbaren \u2197<\/a><\/div>\n<\/div>\n\n\n\n<p>oder E-Mail schreiben:<\/p>\n\n\n\n<figure class=\"wp-block-image size-full is-resized\"><a href=\"mailto:post@hercurion.de?subject=Interesse an Nachhaltigkeitsmanagement\"><img loading=\"lazy\" decoding=\"async\" width=\"157\" height=\"25\" src=\"https:\/\/www.hercurion.de\/wp-content\/uploads\/2024\/06\/grafik.png\" alt=\"\" class=\"wp-image-209\" style=\"width:151px;height:auto\" srcset=\"https:\/\/www.hercurion.de\/wp-content\/uploads\/2024\/06\/grafik.png 157w, https:\/\/www.hercurion.de\/wp-content\/uploads\/2024\/06\/grafik-150x25.png 150w\" sizes=\"auto, (max-width: 157px) 100vw, 157px\" \/><\/a><\/figure>\n\n\n\n<p class=\"has-small-font-size\">(Klick \u00f6ffnet Mailclient)<\/p>\n","protected":false},"excerpt":{"rendered":"<p>Aufwendungen f\u00fcr Verwaltung, Compliance und b\u00fcrokratische Prozesse sowie Regulierung binden Mittel f\u00fcr Innovation und Produktivit\u00e4t im Kerngesch\u00e4ft &#8211; Durch Daten und KI k\u00f6nnen B\u00fcrokratiekosten um bis zu 90% gesenkt werden. Ich helfe dabei! Kennen Sie das? Statt sich auf das Wesentliche zu konzentrieren, halten Sie der AI Act, NIS2, Lieferantenfrageb\u00f6gen, ESG-Berichtspflichten oder ISO-Normen wie ISO [&hellip;]<\/p>\n","protected":false},"author":1,"featured_media":0,"parent":0,"menu_order":0,"comment_status":"closed","ping_status":"closed","template":"","meta":{"footnotes":""},"class_list":["post-314","page","type-page","status-publish","hentry"],"yoast_head":"<!-- This site is optimized with the Yoast SEO plugin v27.5 - https:\/\/yoast.com\/product\/yoast-seo-wordpress\/ -->\n<title>Kostensenkung f\u00fcr administrative Aufwendungen - HERCURION<\/title>\n<meta name=\"robots\" content=\"index, follow, max-snippet:-1, max-image-preview:large, max-video-preview:-1\" \/>\n<link rel=\"canonical\" href=\"https:\/\/www.hercurion.de\/?page_id=314\" \/>\n<meta property=\"og:locale\" content=\"de_DE\" \/>\n<meta property=\"og:type\" content=\"article\" \/>\n<meta property=\"og:title\" content=\"Kostensenkung f\u00fcr administrative Aufwendungen - HERCURION\" \/>\n<meta property=\"og:description\" content=\"Aufwendungen f\u00fcr Verwaltung, Compliance und b\u00fcrokratische Prozesse sowie Regulierung binden Mittel f\u00fcr Innovation und Produktivit\u00e4t im Kerngesch\u00e4ft &#8211; Durch Daten und KI k\u00f6nnen B\u00fcrokratiekosten um bis zu 90% gesenkt werden. Ich helfe dabei! Kennen Sie das? Statt sich auf das Wesentliche zu konzentrieren, halten Sie der AI Act, NIS2, Lieferantenfrageb\u00f6gen, ESG-Berichtspflichten oder ISO-Normen wie ISO [&hellip;]\" \/>\n<meta property=\"og:url\" content=\"https:\/\/www.hercurion.de\/?page_id=314\" \/>\n<meta property=\"og:site_name\" content=\"HERCURION\" \/>\n<meta property=\"article:modified_time\" content=\"2025-04-09T09:54:23+00:00\" \/>\n<meta property=\"og:image\" content=\"https:\/\/www.hercurion.de\/wp-content\/uploads\/2024\/06\/grafik.png\" \/>\n\t<meta property=\"og:image:width\" content=\"157\" \/>\n\t<meta property=\"og:image:height\" content=\"25\" \/>\n\t<meta property=\"og:image:type\" content=\"image\/png\" \/>\n<meta name=\"twitter:card\" content=\"summary_large_image\" \/>\n<meta name=\"twitter:label1\" content=\"Gesch\u00e4tzte Lesezeit\" \/>\n\t<meta name=\"twitter:data1\" content=\"2\u00a0Minuten\" \/>\n<script type=\"application\/ld+json\" class=\"yoast-schema-graph\">{\"@context\":\"https:\\\/\\\/schema.org\",\"@graph\":[{\"@type\":\"WebPage\",\"@id\":\"https:\\\/\\\/www.hercurion.de\\\/?page_id=314\",\"url\":\"https:\\\/\\\/www.hercurion.de\\\/?page_id=314\",\"name\":\"Kostensenkung f\u00fcr administrative Aufwendungen - HERCURION\",\"isPartOf\":{\"@id\":\"https:\\\/\\\/www.hercurion.de\\\/#website\"},\"primaryImageOfPage\":{\"@id\":\"https:\\\/\\\/www.hercurion.de\\\/?page_id=314#primaryimage\"},\"image\":{\"@id\":\"https:\\\/\\\/www.hercurion.de\\\/?page_id=314#primaryimage\"},\"thumbnailUrl\":\"https:\\\/\\\/www.hercurion.de\\\/wp-content\\\/uploads\\\/2024\\\/06\\\/grafik.png\",\"datePublished\":\"2025-03-20T14:05:14+00:00\",\"dateModified\":\"2025-04-09T09:54:23+00:00\",\"breadcrumb\":{\"@id\":\"https:\\\/\\\/www.hercurion.de\\\/?page_id=314#breadcrumb\"},\"inLanguage\":\"de\",\"potentialAction\":[{\"@type\":\"ReadAction\",\"target\":[\"https:\\\/\\\/www.hercurion.de\\\/?page_id=314\"]}]},{\"@type\":\"ImageObject\",\"inLanguage\":\"de\",\"@id\":\"https:\\\/\\\/www.hercurion.de\\\/?page_id=314#primaryimage\",\"url\":\"https:\\\/\\\/www.hercurion.de\\\/wp-content\\\/uploads\\\/2024\\\/06\\\/grafik.png\",\"contentUrl\":\"https:\\\/\\\/www.hercurion.de\\\/wp-content\\\/uploads\\\/2024\\\/06\\\/grafik.png\",\"width\":157,\"height\":25},{\"@type\":\"BreadcrumbList\",\"@id\":\"https:\\\/\\\/www.hercurion.de\\\/?page_id=314#breadcrumb\",\"itemListElement\":[{\"@type\":\"ListItem\",\"position\":1,\"name\":\"Startseite\",\"item\":\"https:\\\/\\\/www.hercurion.de\\\/\"},{\"@type\":\"ListItem\",\"position\":2,\"name\":\"Kostensenkung f\u00fcr administrative Aufwendungen\"}]},{\"@type\":\"WebSite\",\"@id\":\"https:\\\/\\\/www.hercurion.de\\\/#website\",\"url\":\"https:\\\/\\\/www.hercurion.de\\\/\",\"name\":\"HERCURION\",\"description\":\"Zukunftsmanagement\",\"publisher\":{\"@id\":\"https:\\\/\\\/www.hercurion.de\\\/#organization\"},\"potentialAction\":[{\"@type\":\"SearchAction\",\"target\":{\"@type\":\"EntryPoint\",\"urlTemplate\":\"https:\\\/\\\/www.hercurion.de\\\/?s={search_term_string}\"},\"query-input\":{\"@type\":\"PropertyValueSpecification\",\"valueRequired\":true,\"valueName\":\"search_term_string\"}}],\"inLanguage\":\"de\"},{\"@type\":\"Organization\",\"@id\":\"https:\\\/\\\/www.hercurion.de\\\/#organization\",\"name\":\"HERCURION\",\"url\":\"https:\\\/\\\/www.hercurion.de\\\/\",\"logo\":{\"@type\":\"ImageObject\",\"inLanguage\":\"de\",\"@id\":\"https:\\\/\\\/www.hercurion.de\\\/#\\\/schema\\\/logo\\\/image\\\/\",\"url\":\"https:\\\/\\\/www.hercurion.de\\\/wp-content\\\/uploads\\\/2024\\\/05\\\/logo_hercurion1.png\",\"contentUrl\":\"https:\\\/\\\/www.hercurion.de\\\/wp-content\\\/uploads\\\/2024\\\/05\\\/logo_hercurion1.png\",\"width\":552,\"height\":76,\"caption\":\"HERCURION\"},\"image\":{\"@id\":\"https:\\\/\\\/www.hercurion.de\\\/#\\\/schema\\\/logo\\\/image\\\/\"}}]}<\/script>\n<!-- \/ Yoast SEO plugin. -->","yoast_head_json":{"title":"Kostensenkung f\u00fcr administrative Aufwendungen - HERCURION","robots":{"index":"index","follow":"follow","max-snippet":"max-snippet:-1","max-image-preview":"max-image-preview:large","max-video-preview":"max-video-preview:-1"},"canonical":"https:\/\/www.hercurion.de\/?page_id=314","og_locale":"de_DE","og_type":"article","og_title":"Kostensenkung f\u00fcr administrative Aufwendungen - HERCURION","og_description":"Aufwendungen f\u00fcr Verwaltung, Compliance und b\u00fcrokratische Prozesse sowie Regulierung binden Mittel f\u00fcr Innovation und Produktivit\u00e4t im Kerngesch\u00e4ft &#8211; Durch Daten und KI k\u00f6nnen B\u00fcrokratiekosten um bis zu 90% gesenkt werden. Ich helfe dabei! Kennen Sie das? Statt sich auf das Wesentliche zu konzentrieren, halten Sie der AI Act, NIS2, Lieferantenfrageb\u00f6gen, ESG-Berichtspflichten oder ISO-Normen wie ISO [&hellip;]","og_url":"https:\/\/www.hercurion.de\/?page_id=314","og_site_name":"HERCURION","article_modified_time":"2025-04-09T09:54:23+00:00","og_image":[{"width":157,"height":25,"url":"https:\/\/www.hercurion.de\/wp-content\/uploads\/2024\/06\/grafik.png","type":"image\/png"}],"twitter_card":"summary_large_image","twitter_misc":{"Gesch\u00e4tzte Lesezeit":"2\u00a0Minuten"},"schema":{"@context":"https:\/\/schema.org","@graph":[{"@type":"WebPage","@id":"https:\/\/www.hercurion.de\/?page_id=314","url":"https:\/\/www.hercurion.de\/?page_id=314","name":"Kostensenkung f\u00fcr administrative Aufwendungen - HERCURION","isPartOf":{"@id":"https:\/\/www.hercurion.de\/#website"},"primaryImageOfPage":{"@id":"https:\/\/www.hercurion.de\/?page_id=314#primaryimage"},"image":{"@id":"https:\/\/www.hercurion.de\/?page_id=314#primaryimage"},"thumbnailUrl":"https:\/\/www.hercurion.de\/wp-content\/uploads\/2024\/06\/grafik.png","datePublished":"2025-03-20T14:05:14+00:00","dateModified":"2025-04-09T09:54:23+00:00","breadcrumb":{"@id":"https:\/\/www.hercurion.de\/?page_id=314#breadcrumb"},"inLanguage":"de","potentialAction":[{"@type":"ReadAction","target":["https:\/\/www.hercurion.de\/?page_id=314"]}]},{"@type":"ImageObject","inLanguage":"de","@id":"https:\/\/www.hercurion.de\/?page_id=314#primaryimage","url":"https:\/\/www.hercurion.de\/wp-content\/uploads\/2024\/06\/grafik.png","contentUrl":"https:\/\/www.hercurion.de\/wp-content\/uploads\/2024\/06\/grafik.png","width":157,"height":25},{"@type":"BreadcrumbList","@id":"https:\/\/www.hercurion.de\/?page_id=314#breadcrumb","itemListElement":[{"@type":"ListItem","position":1,"name":"Startseite","item":"https:\/\/www.hercurion.de\/"},{"@type":"ListItem","position":2,"name":"Kostensenkung f\u00fcr administrative Aufwendungen"}]},{"@type":"WebSite","@id":"https:\/\/www.hercurion.de\/#website","url":"https:\/\/www.hercurion.de\/","name":"HERCURION","description":"Zukunftsmanagement","publisher":{"@id":"https:\/\/www.hercurion.de\/#organization"},"potentialAction":[{"@type":"SearchAction","target":{"@type":"EntryPoint","urlTemplate":"https:\/\/www.hercurion.de\/?s={search_term_string}"},"query-input":{"@type":"PropertyValueSpecification","valueRequired":true,"valueName":"search_term_string"}}],"inLanguage":"de"},{"@type":"Organization","@id":"https:\/\/www.hercurion.de\/#organization","name":"HERCURION","url":"https:\/\/www.hercurion.de\/","logo":{"@type":"ImageObject","inLanguage":"de","@id":"https:\/\/www.hercurion.de\/#\/schema\/logo\/image\/","url":"https:\/\/www.hercurion.de\/wp-content\/uploads\/2024\/05\/logo_hercurion1.png","contentUrl":"https:\/\/www.hercurion.de\/wp-content\/uploads\/2024\/05\/logo_hercurion1.png","width":552,"height":76,"caption":"HERCURION"},"image":{"@id":"https:\/\/www.hercurion.de\/#\/schema\/logo\/image\/"}}]}},"_links":{"self":[{"href":"https:\/\/www.hercurion.de\/index.php?rest_route=\/wp\/v2\/pages\/314","targetHints":{"allow":["GET"]}}],"collection":[{"href":"https:\/\/www.hercurion.de\/index.php?rest_route=\/wp\/v2\/pages"}],"about":[{"href":"https:\/\/www.hercurion.de\/index.php?rest_route=\/wp\/v2\/types\/page"}],"author":[{"embeddable":true,"href":"https:\/\/www.hercurion.de\/index.php?rest_route=\/wp\/v2\/users\/1"}],"replies":[{"embeddable":true,"href":"https:\/\/www.hercurion.de\/index.php?rest_route=%2Fwp%2Fv2%2Fcomments&post=314"}],"version-history":[{"count":18,"href":"https:\/\/www.hercurion.de\/index.php?rest_route=\/wp\/v2\/pages\/314\/revisions"}],"predecessor-version":[{"id":411,"href":"https:\/\/www.hercurion.de\/index.php?rest_route=\/wp\/v2\/pages\/314\/revisions\/411"}],"wp:attachment":[{"href":"https:\/\/www.hercurion.de\/index.php?rest_route=%2Fwp%2Fv2%2Fmedia&parent=314"}],"curies":[{"name":"wp","href":"https:\/\/api.w.org\/{rel}","templated":true}]}}