{"id":272,"date":"2025-02-06T10:31:58","date_gmt":"2025-02-06T10:31:58","guid":{"rendered":"https:\/\/www.hercurion.de\/?page_id=272"},"modified":"2025-03-30T21:44:39","modified_gmt":"2025-03-30T20:44:39","slug":"sport-training-und-mentaltraining","status":"publish","type":"page","link":"https:\/\/www.hercurion.de\/?page_id=272","title":{"rendered":"Sport"},"content":{"rendered":"\n<p style=\"font-size:22px\"><strong>Gesundheit ist vielleicht nicht alles &#8211; Aber ohne Gesundheit ist alles nichts!<\/strong><\/p>\n\n\n\n<p>Im Vereins- als auch im Individualsport sind k\u00f6rperliche Fitness und mentale St\u00e4rke einerseits Ziel und andererseits Voraussetzung f\u00fcr den angestrebten Erfolg. Die positiven Effekte der Bewegung auf den gesamten K\u00f6rper sind unbestritten. Im (ambitionierten) Vereinssport, auf der Ebene des Breitensports und auf der Ebene des Leistungssports, sind mentale Faktoren genauso entscheidend wie physische Leistungsf\u00e4higkeit.<\/p>\n\n\n\n<blockquote class=\"wp-block-quote is-layout-flow wp-block-quote-is-layout-flow\">\n<p>Auch im Individualsport, Freizeit oder Wettkampf, spielen Durchhalteverm\u00f6gen, Konzentrationsf\u00e4higkeit und andere geistige Kompetenzen eine wichtige Rolle. Der Umgang mit Drucksituationen einerseits aber auch das Aufraffen in schwierigen Lebenssituationen andererseits k\u00f6nnen ebenso trainiert werden wie die Mobilisierung von Kraftreserven in entscheidenden Spielsituationen oder das Abhaken von R\u00fcckschl\u00e4gen. Das alles gilt gleicherma\u00dfen f\u00fcr das berufliche Umfeld!<\/p>\n\n\n\n<p><\/p>\n<\/blockquote>\n\n\n\n<p>Mentale wie k\u00f6rperliche Ausbildung sollten eine Einheit bilden um langfristig Spa\u00df an der Bewegung, Erfolg und Freude durch das Erreichen der selbst gesetzten Ziele zu gewinnen.<\/p>\n\n\n\n<p><\/p>\n\n\n\n<p style=\"text-decoration:underline\"><strong>Leistungen<\/strong><\/p>\n\n\n\n<ul class=\"wp-block-list\">\n<li>Sportmentaltraining (Team \/ Kleingruppe \/ individuell)\n<ul class=\"wp-block-list\">\n<li>Impulsvortr\u00e4ge zu verschiedenen Themen<\/li>\n\n\n\n<li>Kurztrainings \/ -seminare \/ -schulungen f\u00fcr Gruppen oder Teams (bspw. in der Saisonvorbereitung)<\/li>\n\n\n\n<li>Workshops zur Zielerarbeitung<\/li>\n\n\n\n<li>Individualtraining zur L\u00f6sung pers\u00f6nlicher Blockaden<\/li>\n\n\n\n<li>Entscheidungsunterst\u00fctzung<\/li>\n\n\n\n<li>Resilienz im sportlichen Umfeld<\/li>\n\n\n\n<li>Aktivierungsregulation<\/li>\n\n\n\n<li>Motivationstraining \/ Selbst- und Fremdmotivation<\/li>\n\n\n\n<li>Begleitung, Betreuung und Entwicklung von Teams<\/li>\n<\/ul>\n<\/li>\n\n\n\n<li>K\u00f6rperliches Training (Team \/ Kleingruppe \/ individuell)\n<ul class=\"wp-block-list\">\n<li>Vortr\u00e4ge zu Grundlagen, Know-How-Vermittlung, Trainingslehre<\/li>\n\n\n\n<li>Kurse, Workshops, Training\n<ul class=\"wp-block-list\">\n<li>Koordinationsschulung und -training<\/li>\n\n\n\n<li>Ausdauerschulung und -training<\/li>\n\n\n\n<li>Kraftschulung und -training<\/li>\n\n\n\n<li>Beweglichkeit und Mobilisierung<\/li>\n<\/ul>\n<\/li>\n\n\n\n<li>Leistungsf\u00f6rderung und -optimierung<\/li>\n\n\n\n<li>Abbau von muskul\u00e4ren Dysbalancen<\/li>\n<\/ul>\n<\/li>\n<\/ul>\n\n\n\n<p style=\"text-decoration:underline\"><strong>Qualifikation<\/strong><\/p>\n\n\n\n<ul class=\"wp-block-list\">\n<li>Studium Sportwissenschaft<\/li>\n\n\n\n<li>Umfassende Fort- und Weiterbildungen im Bereich Sport, Training und Fitness\n<ul class=\"wp-block-list\">\n<li>Sportmentaltrainer<\/li>\n\n\n\n<li>\u00dcbungsleiter C-Lizenz, Breitensport C-Lizenz, Fitness C-Lizenz<\/li>\n\n\n\n<li>Fortbildung Koordinationstrainer<\/li>\n\n\n\n<li>Diagnostik, Testverfahren und Krankheitsbilder im Gesundheitssport<\/li>\n<\/ul>\n<\/li>\n<\/ul>\n\n\n\n<p style=\"text-decoration:underline\"><strong>Kontakt<\/strong><\/p>\n\n\n\n<div class=\"wp-block-buttons is-layout-flex wp-block-buttons-is-layout-flex\">\n<div class=\"wp-block-button is-style-outline is-style-outline--1\"><a class=\"wp-block-button__link has-white-color has-pale-cyan-blue-background-color has-text-color has-background has-link-color wp-element-button\" href=\"https:\/\/calendly.com\/malte-lindner-hercurion\/30min\/\" style=\"border-radius:10px\">Termin vereinbaren \u2197<\/a><\/div>\n<\/div>\n\n\n\n<p>oder E-Mail schreiben:<\/p>\n\n\n\n<figure class=\"wp-block-image size-full is-resized\"><a href=\"mailto:post@hercurion.de?subject=Interesse an Nachhaltigkeitsmanagement\"><img loading=\"lazy\" decoding=\"async\" width=\"157\" height=\"25\" src=\"https:\/\/www.hercurion.de\/wp-content\/uploads\/2024\/06\/grafik.png\" alt=\"\" class=\"wp-image-209\" style=\"width:151px;height:auto\" srcset=\"https:\/\/www.hercurion.de\/wp-content\/uploads\/2024\/06\/grafik.png 157w, https:\/\/www.hercurion.de\/wp-content\/uploads\/2024\/06\/grafik-150x25.png 150w\" sizes=\"auto, (max-width: 157px) 100vw, 157px\" \/><\/a><\/figure>\n\n\n\n<p class=\"has-small-font-size\">(Klick \u00f6ffnet Mailclient)<\/p>\n\n\n\n<p><\/p>\n","protected":false},"excerpt":{"rendered":"<p>Gesundheit ist vielleicht nicht alles &#8211; Aber ohne Gesundheit ist alles nichts! Im Vereins- als auch im Individualsport sind k\u00f6rperliche Fitness und mentale St\u00e4rke einerseits Ziel und andererseits Voraussetzung f\u00fcr den angestrebten Erfolg. Die positiven Effekte der Bewegung auf den gesamten K\u00f6rper sind unbestritten. Im (ambitionierten) Vereinssport, auf der Ebene des Breitensports und auf der [&hellip;]<\/p>\n","protected":false},"author":1,"featured_media":0,"parent":0,"menu_order":0,"comment_status":"closed","ping_status":"closed","template":"","meta":{"footnotes":""},"class_list":["post-272","page","type-page","status-publish","hentry"],"yoast_head":"<!-- This site is optimized with the Yoast SEO plugin v27.5 - https:\/\/yoast.com\/product\/yoast-seo-wordpress\/ -->\n<title>Sport - HERCURION<\/title>\n<meta name=\"robots\" content=\"index, follow, max-snippet:-1, max-image-preview:large, max-video-preview:-1\" \/>\n<link rel=\"canonical\" href=\"https:\/\/www.hercurion.de\/?page_id=272\" \/>\n<meta property=\"og:locale\" content=\"de_DE\" \/>\n<meta property=\"og:type\" content=\"article\" \/>\n<meta property=\"og:title\" content=\"Sport - HERCURION\" \/>\n<meta property=\"og:description\" content=\"Gesundheit ist vielleicht nicht alles &#8211; Aber ohne Gesundheit ist alles nichts! Im Vereins- als auch im Individualsport sind k\u00f6rperliche Fitness und mentale St\u00e4rke einerseits Ziel und andererseits Voraussetzung f\u00fcr den angestrebten Erfolg. Die positiven Effekte der Bewegung auf den gesamten K\u00f6rper sind unbestritten. Im (ambitionierten) Vereinssport, auf der Ebene des Breitensports und auf der [&hellip;]\" \/>\n<meta property=\"og:url\" content=\"https:\/\/www.hercurion.de\/?page_id=272\" \/>\n<meta property=\"og:site_name\" content=\"HERCURION\" \/>\n<meta property=\"article:modified_time\" content=\"2025-03-30T20:44:39+00:00\" \/>\n<meta property=\"og:image\" content=\"https:\/\/www.hercurion.de\/wp-content\/uploads\/2024\/06\/grafik.png\" \/>\n\t<meta property=\"og:image:width\" content=\"157\" \/>\n\t<meta property=\"og:image:height\" content=\"25\" \/>\n\t<meta property=\"og:image:type\" content=\"image\/png\" \/>\n<meta name=\"twitter:card\" content=\"summary_large_image\" \/>\n<meta name=\"twitter:label1\" content=\"Gesch\u00e4tzte Lesezeit\" \/>\n\t<meta name=\"twitter:data1\" content=\"2\u00a0Minuten\" \/>\n<script type=\"application\/ld+json\" class=\"yoast-schema-graph\">{\"@context\":\"https:\\\/\\\/schema.org\",\"@graph\":[{\"@type\":\"WebPage\",\"@id\":\"https:\\\/\\\/www.hercurion.de\\\/?page_id=272\",\"url\":\"https:\\\/\\\/www.hercurion.de\\\/?page_id=272\",\"name\":\"Sport - HERCURION\",\"isPartOf\":{\"@id\":\"https:\\\/\\\/www.hercurion.de\\\/#website\"},\"primaryImageOfPage\":{\"@id\":\"https:\\\/\\\/www.hercurion.de\\\/?page_id=272#primaryimage\"},\"image\":{\"@id\":\"https:\\\/\\\/www.hercurion.de\\\/?page_id=272#primaryimage\"},\"thumbnailUrl\":\"https:\\\/\\\/www.hercurion.de\\\/wp-content\\\/uploads\\\/2024\\\/06\\\/grafik.png\",\"datePublished\":\"2025-02-06T10:31:58+00:00\",\"dateModified\":\"2025-03-30T20:44:39+00:00\",\"breadcrumb\":{\"@id\":\"https:\\\/\\\/www.hercurion.de\\\/?page_id=272#breadcrumb\"},\"inLanguage\":\"de\",\"potentialAction\":[{\"@type\":\"ReadAction\",\"target\":[\"https:\\\/\\\/www.hercurion.de\\\/?page_id=272\"]}]},{\"@type\":\"ImageObject\",\"inLanguage\":\"de\",\"@id\":\"https:\\\/\\\/www.hercurion.de\\\/?page_id=272#primaryimage\",\"url\":\"https:\\\/\\\/www.hercurion.de\\\/wp-content\\\/uploads\\\/2024\\\/06\\\/grafik.png\",\"contentUrl\":\"https:\\\/\\\/www.hercurion.de\\\/wp-content\\\/uploads\\\/2024\\\/06\\\/grafik.png\",\"width\":157,\"height\":25},{\"@type\":\"BreadcrumbList\",\"@id\":\"https:\\\/\\\/www.hercurion.de\\\/?page_id=272#breadcrumb\",\"itemListElement\":[{\"@type\":\"ListItem\",\"position\":1,\"name\":\"Startseite\",\"item\":\"https:\\\/\\\/www.hercurion.de\\\/\"},{\"@type\":\"ListItem\",\"position\":2,\"name\":\"Sport\"}]},{\"@type\":\"WebSite\",\"@id\":\"https:\\\/\\\/www.hercurion.de\\\/#website\",\"url\":\"https:\\\/\\\/www.hercurion.de\\\/\",\"name\":\"HERCURION\",\"description\":\"Zukunftsmanagement\",\"publisher\":{\"@id\":\"https:\\\/\\\/www.hercurion.de\\\/#organization\"},\"potentialAction\":[{\"@type\":\"SearchAction\",\"target\":{\"@type\":\"EntryPoint\",\"urlTemplate\":\"https:\\\/\\\/www.hercurion.de\\\/?s={search_term_string}\"},\"query-input\":{\"@type\":\"PropertyValueSpecification\",\"valueRequired\":true,\"valueName\":\"search_term_string\"}}],\"inLanguage\":\"de\"},{\"@type\":\"Organization\",\"@id\":\"https:\\\/\\\/www.hercurion.de\\\/#organization\",\"name\":\"HERCURION\",\"url\":\"https:\\\/\\\/www.hercurion.de\\\/\",\"logo\":{\"@type\":\"ImageObject\",\"inLanguage\":\"de\",\"@id\":\"https:\\\/\\\/www.hercurion.de\\\/#\\\/schema\\\/logo\\\/image\\\/\",\"url\":\"https:\\\/\\\/www.hercurion.de\\\/wp-content\\\/uploads\\\/2024\\\/05\\\/logo_hercurion1.png\",\"contentUrl\":\"https:\\\/\\\/www.hercurion.de\\\/wp-content\\\/uploads\\\/2024\\\/05\\\/logo_hercurion1.png\",\"width\":552,\"height\":76,\"caption\":\"HERCURION\"},\"image\":{\"@id\":\"https:\\\/\\\/www.hercurion.de\\\/#\\\/schema\\\/logo\\\/image\\\/\"}}]}<\/script>\n<!-- \/ Yoast SEO plugin. -->","yoast_head_json":{"title":"Sport - HERCURION","robots":{"index":"index","follow":"follow","max-snippet":"max-snippet:-1","max-image-preview":"max-image-preview:large","max-video-preview":"max-video-preview:-1"},"canonical":"https:\/\/www.hercurion.de\/?page_id=272","og_locale":"de_DE","og_type":"article","og_title":"Sport - HERCURION","og_description":"Gesundheit ist vielleicht nicht alles &#8211; Aber ohne Gesundheit ist alles nichts! Im Vereins- als auch im Individualsport sind k\u00f6rperliche Fitness und mentale St\u00e4rke einerseits Ziel und andererseits Voraussetzung f\u00fcr den angestrebten Erfolg. Die positiven Effekte der Bewegung auf den gesamten K\u00f6rper sind unbestritten. Im (ambitionierten) Vereinssport, auf der Ebene des Breitensports und auf der [&hellip;]","og_url":"https:\/\/www.hercurion.de\/?page_id=272","og_site_name":"HERCURION","article_modified_time":"2025-03-30T20:44:39+00:00","og_image":[{"width":157,"height":25,"url":"https:\/\/www.hercurion.de\/wp-content\/uploads\/2024\/06\/grafik.png","type":"image\/png"}],"twitter_card":"summary_large_image","twitter_misc":{"Gesch\u00e4tzte Lesezeit":"2\u00a0Minuten"},"schema":{"@context":"https:\/\/schema.org","@graph":[{"@type":"WebPage","@id":"https:\/\/www.hercurion.de\/?page_id=272","url":"https:\/\/www.hercurion.de\/?page_id=272","name":"Sport - HERCURION","isPartOf":{"@id":"https:\/\/www.hercurion.de\/#website"},"primaryImageOfPage":{"@id":"https:\/\/www.hercurion.de\/?page_id=272#primaryimage"},"image":{"@id":"https:\/\/www.hercurion.de\/?page_id=272#primaryimage"},"thumbnailUrl":"https:\/\/www.hercurion.de\/wp-content\/uploads\/2024\/06\/grafik.png","datePublished":"2025-02-06T10:31:58+00:00","dateModified":"2025-03-30T20:44:39+00:00","breadcrumb":{"@id":"https:\/\/www.hercurion.de\/?page_id=272#breadcrumb"},"inLanguage":"de","potentialAction":[{"@type":"ReadAction","target":["https:\/\/www.hercurion.de\/?page_id=272"]}]},{"@type":"ImageObject","inLanguage":"de","@id":"https:\/\/www.hercurion.de\/?page_id=272#primaryimage","url":"https:\/\/www.hercurion.de\/wp-content\/uploads\/2024\/06\/grafik.png","contentUrl":"https:\/\/www.hercurion.de\/wp-content\/uploads\/2024\/06\/grafik.png","width":157,"height":25},{"@type":"BreadcrumbList","@id":"https:\/\/www.hercurion.de\/?page_id=272#breadcrumb","itemListElement":[{"@type":"ListItem","position":1,"name":"Startseite","item":"https:\/\/www.hercurion.de\/"},{"@type":"ListItem","position":2,"name":"Sport"}]},{"@type":"WebSite","@id":"https:\/\/www.hercurion.de\/#website","url":"https:\/\/www.hercurion.de\/","name":"HERCURION","description":"Zukunftsmanagement","publisher":{"@id":"https:\/\/www.hercurion.de\/#organization"},"potentialAction":[{"@type":"SearchAction","target":{"@type":"EntryPoint","urlTemplate":"https:\/\/www.hercurion.de\/?s={search_term_string}"},"query-input":{"@type":"PropertyValueSpecification","valueRequired":true,"valueName":"search_term_string"}}],"inLanguage":"de"},{"@type":"Organization","@id":"https:\/\/www.hercurion.de\/#organization","name":"HERCURION","url":"https:\/\/www.hercurion.de\/","logo":{"@type":"ImageObject","inLanguage":"de","@id":"https:\/\/www.hercurion.de\/#\/schema\/logo\/image\/","url":"https:\/\/www.hercurion.de\/wp-content\/uploads\/2024\/05\/logo_hercurion1.png","contentUrl":"https:\/\/www.hercurion.de\/wp-content\/uploads\/2024\/05\/logo_hercurion1.png","width":552,"height":76,"caption":"HERCURION"},"image":{"@id":"https:\/\/www.hercurion.de\/#\/schema\/logo\/image\/"}}]}},"_links":{"self":[{"href":"https:\/\/www.hercurion.de\/index.php?rest_route=\/wp\/v2\/pages\/272","targetHints":{"allow":["GET"]}}],"collection":[{"href":"https:\/\/www.hercurion.de\/index.php?rest_route=\/wp\/v2\/pages"}],"about":[{"href":"https:\/\/www.hercurion.de\/index.php?rest_route=\/wp\/v2\/types\/page"}],"author":[{"embeddable":true,"href":"https:\/\/www.hercurion.de\/index.php?rest_route=\/wp\/v2\/users\/1"}],"replies":[{"embeddable":true,"href":"https:\/\/www.hercurion.de\/index.php?rest_route=%2Fwp%2Fv2%2Fcomments&post=272"}],"version-history":[{"count":9,"href":"https:\/\/www.hercurion.de\/index.php?rest_route=\/wp\/v2\/pages\/272\/revisions"}],"predecessor-version":[{"id":369,"href":"https:\/\/www.hercurion.de\/index.php?rest_route=\/wp\/v2\/pages\/272\/revisions\/369"}],"wp:attachment":[{"href":"https:\/\/www.hercurion.de\/index.php?rest_route=%2Fwp%2Fv2%2Fmedia&parent=272"}],"curies":[{"name":"wp","href":"https:\/\/api.w.org\/{rel}","templated":true}]}}