{"id":121,"date":"2024-05-24T21:01:13","date_gmt":"2024-05-24T21:01:13","guid":{"rendered":"https:\/\/www.hercurion.de\/?page_id=121"},"modified":"2025-04-02T12:30:44","modified_gmt":"2025-04-02T11:30:44","slug":"kontakt","status":"publish","type":"page","link":"https:\/\/www.hercurion.de\/?page_id=121","title":{"rendered":"Kontakt \/ Zur Person"},"content":{"rendered":"\n<p><strong>HERCURION<\/strong><br>Malte Lindner<\/p>\n\n\n\n<p>Pickertweg 29<br>32584 L\u00f6hne<\/p>\n\n\n\n<figure class=\"wp-block-image size-full\"><a href=\"mailto:post@hercurion.de\"><img loading=\"lazy\" decoding=\"async\" width=\"157\" height=\"25\" src=\"https:\/\/www.hercurion.de\/wp-content\/uploads\/2024\/06\/grafik.png\" alt=\"\" class=\"wp-image-209\" srcset=\"https:\/\/www.hercurion.de\/wp-content\/uploads\/2024\/06\/grafik.png 157w, https:\/\/www.hercurion.de\/wp-content\/uploads\/2024\/06\/grafik-150x25.png 150w\" sizes=\"auto, (max-width: 157px) 100vw, 157px\" \/><\/a><\/figure>\n\n\n\n<p>0151 \/ 290 792 00<br>USt.-ID DE 293 983 354<\/p>\n\n\n\n<hr class=\"wp-block-separator has-alpha-channel-opacity\"\/>\n\n\n\n<p><strong>Ihr Ansprechpartner<\/strong><\/p>\n\n\n\n<p>Malte Lindner<\/p>\n\n\n<div class=\"wp-block-image is-style-default\">\n<figure class=\"alignright size-large is-resized\"><img loading=\"lazy\" decoding=\"async\" width=\"961\" height=\"1024\" src=\"https:\/\/www.hercurion.de\/wp-content\/uploads\/2025\/02\/IMG_6069_sml-961x1024.jpg\" alt=\"\" class=\"wp-image-262\" style=\"width:247px;height:auto\" srcset=\"https:\/\/www.hercurion.de\/wp-content\/uploads\/2025\/02\/IMG_6069_sml-961x1024.jpg 961w, https:\/\/www.hercurion.de\/wp-content\/uploads\/2025\/02\/IMG_6069_sml-282x300.jpg 282w, https:\/\/www.hercurion.de\/wp-content\/uploads\/2025\/02\/IMG_6069_sml-768x818.jpg 768w, https:\/\/www.hercurion.de\/wp-content\/uploads\/2025\/02\/IMG_6069_sml.jpg 1190w\" sizes=\"auto, (max-width: 961px) 100vw, 961px\" \/><\/figure>\n<\/div>\n\n\n<ul class=\"wp-block-list\">\n<li>Studium Volkswirtschaftslehre, Wirtschaftsingenieurwesen und Sportwissenschaft, Abschluss als Diplom-Volkswirt, B.Sc., Universit\u00e4t M\u00fcnster<\/li>\n\n\n\n<li>Knapp 20 Jahre Berufserfahrung in Wissenschaft, Produktion, Handel und Dienstleistung, davon \u00fcber zehn Jahre als Gesch\u00e4ftsf\u00fchrer<\/li>\n\n\n\n<li>Zertifizierte Fort- und Weiterbildungen im Management von Umwelt, Risiko, Projekten, Nachhaltigkeit und Betrieblicher Gesundheit<\/li>\n\n\n\n<li>Vielf\u00e4ltige Qualifikationen und Erfahrungen im Sport, u.a. Fitness- und Breitensportlizenzen, Fachtrainer, Diagnostik, Gruppenleiter, Kursleiter<\/li>\n\n\n\n<li>Aus- und Weiterbildungen im Bereich Mentaltraining, Sportmentaltraining und Mentale Gesundheit, Mental Health First Aid-Ersthelfer<\/li>\n\n\n\n<li>Erfahrungen in Unternehmen und Organisationen verschiedenster Branchen und Unternehmensgr\u00f6\u00dfen<\/li>\n\n\n\n<li>Verst\u00e4ndnis f\u00fcr Probleme, Sorgen und Bed\u00fcrfnisse der Arbeitgeber- und Arbeitnehmerseite<\/li>\n\n\n\n<li>Klarer Fokus auf dem Unternehmenserfolg<\/li>\n\n\n\n<li>Mitgliedschaft in Fachverb\u00e4nden (BBGM, vnu)<\/li>\n\n\n\n<li>Berater auf Augenh\u00f6he, neugierig und lernbereit<\/li>\n<\/ul>\n\n\n\n<figure class=\"wp-block-image size-full is-resized\"><a href=\"https:\/\/www.linkedin.com\/in\/malte-lindner\/\" target=\"_blank\" rel=\" noreferrer noopener\"><img loading=\"lazy\" decoding=\"async\" width=\"300\" height=\"140\" src=\"https:\/\/www.hercurion.de\/wp-content\/uploads\/2025\/04\/View-my-LinkedIn-profile-image-3-300x140-1.webp\" alt=\"LinkedIn\" class=\"wp-image-387\" style=\"width:130px\"\/><\/a><\/figure>\n\n\n\n<p style=\"font-size:12px\">(Klick \u00f6ffnet externen Link in neuem Fenster)<\/p>\n\n\n\n<p style=\"text-decoration:underline\"><\/p>\n\n\n\n<div class=\"wp-block-buttons is-layout-flex wp-block-buttons-is-layout-flex\">\n<div class=\"wp-block-button is-style-outline is-style-outline--1\"><a class=\"wp-block-button__link has-white-color has-pale-cyan-blue-background-color has-text-color has-background has-link-color wp-element-button\" href=\"https:\/\/calendly.com\/malte-lindner-hercurion\/30min\/\" style=\"border-radius:10px\">Termin vereinbaren \u2197<\/a><\/div>\n<\/div>\n\n\n\n<p><\/p>\n","protected":false},"excerpt":{"rendered":"<p>HERCURIONMalte Lindner Pickertweg 2932584 L\u00f6hne 0151 \/ 290 792 00USt.-ID DE 293 983 354 Ihr Ansprechpartner Malte Lindner (Klick \u00f6ffnet externen Link in neuem Fenster)<\/p>\n","protected":false},"author":1,"featured_media":0,"parent":0,"menu_order":0,"comment_status":"closed","ping_status":"closed","template":"","meta":{"footnotes":""},"class_list":["post-121","page","type-page","status-publish","hentry"],"yoast_head":"<!-- This site is optimized with the Yoast SEO plugin v27.5 - https:\/\/yoast.com\/product\/yoast-seo-wordpress\/ -->\n<title>Kontakt \/ Zur Person - HERCURION<\/title>\n<meta name=\"robots\" content=\"index, follow, max-snippet:-1, max-image-preview:large, max-video-preview:-1\" \/>\n<link rel=\"canonical\" href=\"https:\/\/www.hercurion.de\/?page_id=121\" \/>\n<meta property=\"og:locale\" content=\"de_DE\" \/>\n<meta property=\"og:type\" content=\"article\" \/>\n<meta property=\"og:title\" content=\"Kontakt \/ Zur Person - HERCURION\" \/>\n<meta property=\"og:description\" content=\"HERCURIONMalte Lindner Pickertweg 2932584 L\u00f6hne 0151 \/ 290 792 00USt.-ID DE 293 983 354 Ihr Ansprechpartner Malte Lindner (Klick \u00f6ffnet externen Link in neuem Fenster)\" \/>\n<meta property=\"og:url\" content=\"https:\/\/www.hercurion.de\/?page_id=121\" \/>\n<meta property=\"og:site_name\" content=\"HERCURION\" \/>\n<meta property=\"article:modified_time\" content=\"2025-04-02T11:30:44+00:00\" \/>\n<meta property=\"og:image\" content=\"https:\/\/www.hercurion.de\/wp-content\/uploads\/2024\/06\/grafik.png\" \/>\n\t<meta property=\"og:image:width\" content=\"157\" \/>\n\t<meta property=\"og:image:height\" content=\"25\" \/>\n\t<meta property=\"og:image:type\" content=\"image\/png\" \/>\n<meta name=\"twitter:card\" content=\"summary_large_image\" \/>\n<meta name=\"twitter:label1\" content=\"Gesch\u00e4tzte Lesezeit\" \/>\n\t<meta name=\"twitter:data1\" content=\"2\u00a0Minuten\" \/>\n<script type=\"application\/ld+json\" class=\"yoast-schema-graph\">{\"@context\":\"https:\\\/\\\/schema.org\",\"@graph\":[{\"@type\":\"WebPage\",\"@id\":\"https:\\\/\\\/www.hercurion.de\\\/?page_id=121\",\"url\":\"https:\\\/\\\/www.hercurion.de\\\/?page_id=121\",\"name\":\"Kontakt \\\/ Zur Person - HERCURION\",\"isPartOf\":{\"@id\":\"https:\\\/\\\/www.hercurion.de\\\/#website\"},\"primaryImageOfPage\":{\"@id\":\"https:\\\/\\\/www.hercurion.de\\\/?page_id=121#primaryimage\"},\"image\":{\"@id\":\"https:\\\/\\\/www.hercurion.de\\\/?page_id=121#primaryimage\"},\"thumbnailUrl\":\"https:\\\/\\\/www.hercurion.de\\\/wp-content\\\/uploads\\\/2024\\\/06\\\/grafik.png\",\"datePublished\":\"2024-05-24T21:01:13+00:00\",\"dateModified\":\"2025-04-02T11:30:44+00:00\",\"breadcrumb\":{\"@id\":\"https:\\\/\\\/www.hercurion.de\\\/?page_id=121#breadcrumb\"},\"inLanguage\":\"de\",\"potentialAction\":[{\"@type\":\"ReadAction\",\"target\":[\"https:\\\/\\\/www.hercurion.de\\\/?page_id=121\"]}]},{\"@type\":\"ImageObject\",\"inLanguage\":\"de\",\"@id\":\"https:\\\/\\\/www.hercurion.de\\\/?page_id=121#primaryimage\",\"url\":\"https:\\\/\\\/www.hercurion.de\\\/wp-content\\\/uploads\\\/2024\\\/06\\\/grafik.png\",\"contentUrl\":\"https:\\\/\\\/www.hercurion.de\\\/wp-content\\\/uploads\\\/2024\\\/06\\\/grafik.png\",\"width\":157,\"height\":25},{\"@type\":\"BreadcrumbList\",\"@id\":\"https:\\\/\\\/www.hercurion.de\\\/?page_id=121#breadcrumb\",\"itemListElement\":[{\"@type\":\"ListItem\",\"position\":1,\"name\":\"Startseite\",\"item\":\"https:\\\/\\\/www.hercurion.de\\\/\"},{\"@type\":\"ListItem\",\"position\":2,\"name\":\"Kontakt \\\/ Zur Person\"}]},{\"@type\":\"WebSite\",\"@id\":\"https:\\\/\\\/www.hercurion.de\\\/#website\",\"url\":\"https:\\\/\\\/www.hercurion.de\\\/\",\"name\":\"HERCURION\",\"description\":\"Zukunftsmanagement\",\"publisher\":{\"@id\":\"https:\\\/\\\/www.hercurion.de\\\/#organization\"},\"potentialAction\":[{\"@type\":\"SearchAction\",\"target\":{\"@type\":\"EntryPoint\",\"urlTemplate\":\"https:\\\/\\\/www.hercurion.de\\\/?s={search_term_string}\"},\"query-input\":{\"@type\":\"PropertyValueSpecification\",\"valueRequired\":true,\"valueName\":\"search_term_string\"}}],\"inLanguage\":\"de\"},{\"@type\":\"Organization\",\"@id\":\"https:\\\/\\\/www.hercurion.de\\\/#organization\",\"name\":\"HERCURION\",\"url\":\"https:\\\/\\\/www.hercurion.de\\\/\",\"logo\":{\"@type\":\"ImageObject\",\"inLanguage\":\"de\",\"@id\":\"https:\\\/\\\/www.hercurion.de\\\/#\\\/schema\\\/logo\\\/image\\\/\",\"url\":\"https:\\\/\\\/www.hercurion.de\\\/wp-content\\\/uploads\\\/2024\\\/05\\\/logo_hercurion1.png\",\"contentUrl\":\"https:\\\/\\\/www.hercurion.de\\\/wp-content\\\/uploads\\\/2024\\\/05\\\/logo_hercurion1.png\",\"width\":552,\"height\":76,\"caption\":\"HERCURION\"},\"image\":{\"@id\":\"https:\\\/\\\/www.hercurion.de\\\/#\\\/schema\\\/logo\\\/image\\\/\"}}]}<\/script>\n<!-- \/ Yoast SEO plugin. -->","yoast_head_json":{"title":"Kontakt \/ Zur Person - HERCURION","robots":{"index":"index","follow":"follow","max-snippet":"max-snippet:-1","max-image-preview":"max-image-preview:large","max-video-preview":"max-video-preview:-1"},"canonical":"https:\/\/www.hercurion.de\/?page_id=121","og_locale":"de_DE","og_type":"article","og_title":"Kontakt \/ Zur Person - HERCURION","og_description":"HERCURIONMalte Lindner Pickertweg 2932584 L\u00f6hne 0151 \/ 290 792 00USt.-ID DE 293 983 354 Ihr Ansprechpartner Malte Lindner (Klick \u00f6ffnet externen Link in neuem Fenster)","og_url":"https:\/\/www.hercurion.de\/?page_id=121","og_site_name":"HERCURION","article_modified_time":"2025-04-02T11:30:44+00:00","og_image":[{"width":157,"height":25,"url":"https:\/\/www.hercurion.de\/wp-content\/uploads\/2024\/06\/grafik.png","type":"image\/png"}],"twitter_card":"summary_large_image","twitter_misc":{"Gesch\u00e4tzte Lesezeit":"2\u00a0Minuten"},"schema":{"@context":"https:\/\/schema.org","@graph":[{"@type":"WebPage","@id":"https:\/\/www.hercurion.de\/?page_id=121","url":"https:\/\/www.hercurion.de\/?page_id=121","name":"Kontakt \/ Zur Person - HERCURION","isPartOf":{"@id":"https:\/\/www.hercurion.de\/#website"},"primaryImageOfPage":{"@id":"https:\/\/www.hercurion.de\/?page_id=121#primaryimage"},"image":{"@id":"https:\/\/www.hercurion.de\/?page_id=121#primaryimage"},"thumbnailUrl":"https:\/\/www.hercurion.de\/wp-content\/uploads\/2024\/06\/grafik.png","datePublished":"2024-05-24T21:01:13+00:00","dateModified":"2025-04-02T11:30:44+00:00","breadcrumb":{"@id":"https:\/\/www.hercurion.de\/?page_id=121#breadcrumb"},"inLanguage":"de","potentialAction":[{"@type":"ReadAction","target":["https:\/\/www.hercurion.de\/?page_id=121"]}]},{"@type":"ImageObject","inLanguage":"de","@id":"https:\/\/www.hercurion.de\/?page_id=121#primaryimage","url":"https:\/\/www.hercurion.de\/wp-content\/uploads\/2024\/06\/grafik.png","contentUrl":"https:\/\/www.hercurion.de\/wp-content\/uploads\/2024\/06\/grafik.png","width":157,"height":25},{"@type":"BreadcrumbList","@id":"https:\/\/www.hercurion.de\/?page_id=121#breadcrumb","itemListElement":[{"@type":"ListItem","position":1,"name":"Startseite","item":"https:\/\/www.hercurion.de\/"},{"@type":"ListItem","position":2,"name":"Kontakt \/ Zur Person"}]},{"@type":"WebSite","@id":"https:\/\/www.hercurion.de\/#website","url":"https:\/\/www.hercurion.de\/","name":"HERCURION","description":"Zukunftsmanagement","publisher":{"@id":"https:\/\/www.hercurion.de\/#organization"},"potentialAction":[{"@type":"SearchAction","target":{"@type":"EntryPoint","urlTemplate":"https:\/\/www.hercurion.de\/?s={search_term_string}"},"query-input":{"@type":"PropertyValueSpecification","valueRequired":true,"valueName":"search_term_string"}}],"inLanguage":"de"},{"@type":"Organization","@id":"https:\/\/www.hercurion.de\/#organization","name":"HERCURION","url":"https:\/\/www.hercurion.de\/","logo":{"@type":"ImageObject","inLanguage":"de","@id":"https:\/\/www.hercurion.de\/#\/schema\/logo\/image\/","url":"https:\/\/www.hercurion.de\/wp-content\/uploads\/2024\/05\/logo_hercurion1.png","contentUrl":"https:\/\/www.hercurion.de\/wp-content\/uploads\/2024\/05\/logo_hercurion1.png","width":552,"height":76,"caption":"HERCURION"},"image":{"@id":"https:\/\/www.hercurion.de\/#\/schema\/logo\/image\/"}}]}},"_links":{"self":[{"href":"https:\/\/www.hercurion.de\/index.php?rest_route=\/wp\/v2\/pages\/121","targetHints":{"allow":["GET"]}}],"collection":[{"href":"https:\/\/www.hercurion.de\/index.php?rest_route=\/wp\/v2\/pages"}],"about":[{"href":"https:\/\/www.hercurion.de\/index.php?rest_route=\/wp\/v2\/types\/page"}],"author":[{"embeddable":true,"href":"https:\/\/www.hercurion.de\/index.php?rest_route=\/wp\/v2\/users\/1"}],"replies":[{"embeddable":true,"href":"https:\/\/www.hercurion.de\/index.php?rest_route=%2Fwp%2Fv2%2Fcomments&post=121"}],"version-history":[{"count":23,"href":"https:\/\/www.hercurion.de\/index.php?rest_route=\/wp\/v2\/pages\/121\/revisions"}],"predecessor-version":[{"id":408,"href":"https:\/\/www.hercurion.de\/index.php?rest_route=\/wp\/v2\/pages\/121\/revisions\/408"}],"wp:attachment":[{"href":"https:\/\/www.hercurion.de\/index.php?rest_route=%2Fwp%2Fv2%2Fmedia&parent=121"}],"curies":[{"name":"wp","href":"https:\/\/api.w.org\/{rel}","templated":true}]}}